{"id":422,"date":"2025-08-13T12:23:26","date_gmt":"2025-08-13T10:23:26","guid":{"rendered":"https:\/\/www.farfallefilms.tv\/?page_id=422"},"modified":"2026-03-06T11:01:17","modified_gmt":"2026-03-06T10:01:17","slug":"proyectos","status":"publish","type":"page","link":"https:\/\/www.farfallefilms.tv\/en\/proyectos\/","title":{"rendered":"Projects"},"content":{"rendered":"<div data-elementor-type=\"wp-page\" data-elementor-id=\"422\" class=\"elementor elementor-422\" data-elementor-post-type=\"page\">\n\t\t\t\t\t\t<section class=\"elementor-section elementor-top-section elementor-element elementor-element-51194d90 elementor-section-boxed elementor-section-height-default elementor-section-height-default\" data-id=\"51194d90\" data-element_type=\"section\" data-e-type=\"section\" data-settings=\"{&quot;background_background&quot;:&quot;classic&quot;}\">\n\t\t\t\t\t\t<div class=\"elementor-container elementor-column-gap-default\">\n\t\t\t\t\t<div class=\"elementor-column elementor-col-100 elementor-top-column elementor-element elementor-element-41870714\" data-id=\"41870714\" data-element_type=\"column\" data-e-type=\"column\">\n\t\t\t<div class=\"elementor-widget-wrap elementor-element-populated\">\n\t\t\t\t\t\t<div class=\"elementor-element elementor-element-5aef2843 elementor-invisible elementor-widget elementor-widget-heading\" data-id=\"5aef2843\" data-element_type=\"widget\" data-e-type=\"widget\" data-settings=\"{&quot;_animation&quot;:&quot;fadeInRight&quot;}\" data-widget_type=\"heading.default\">\n\t\t\t\t<div class=\"elementor-widget-container\">\n\t\t\t\t\t<h1 class=\"elementor-heading-title elementor-size-default\">Projects<\/h1>\t\t\t\t<\/div>\n\t\t\t\t<\/div>\n\t\t\t\t<div class=\"elementor-element elementor-element-0d9ab80 elementor-invisible elementor-widget elementor-widget-heading\" data-id=\"0d9ab80\" data-element_type=\"widget\" data-e-type=\"widget\" data-settings=\"{&quot;_animation&quot;:&quot;fadeInDown&quot;}\" data-widget_type=\"heading.default\">\n\t\t\t\t<div class=\"elementor-widget-container\">\n\t\t\t\t\t<h2 class=\"elementor-heading-title elementor-size-default\">FEATURE FILMS<\/h2>\t\t\t\t<\/div>\n\t\t\t\t<\/div>\n\t\t\t\t<div class=\"elementor-element elementor-element-8cd1730 elementor-widget elementor-widget-text-editor\" data-id=\"8cd1730\" data-element_type=\"widget\" data-e-type=\"widget\" data-widget_type=\"text-editor.default\">\n\t\t\t\t<div class=\"elementor-widget-container\">\n\t\t\t\t\t\t\t\t\t<p>\u00a0<\/p><p><img fetchpriority=\"high\" decoding=\"async\" src=\"https:\/\/www.farfallefilms.tv\/wp-content\/uploads\/2026\/03\/CARTEL-OJOS-COLOR-OCEANO-200x300.jpeg\" alt=\"\" width=\"200\" height=\"300\" \/><\/p><p>OCEAN-COLORED EYES, a feature film written and directed by Roc\u00edo Vidal, is one of the 17 projects selected for the 3rd Extremadura Film Residency. It will be presented at the M\u00e1laga Film Festival&#039;s industry section, where the project pitch will be given on March 10th.<\/p><p><a style=\"background-color: #000000; color: #f23030;\" href=\"https:\/\/www.farfallefilms.tv\/wp-content\/uploads\/2026\/03\/DOSSIER-OJOS-COLOR-OCEANO.-2.03.26pdf.pdf\">OCEAN-COLORED EYES DOSSIER.pdf<\/a><\/p><p>\u00a0<\/p>\t\t\t\t\t\t\t\t<\/div>\n\t\t\t\t<\/div>\n\t\t\t\t\t<\/div>\n\t\t<\/div>\n\t\t\t\t\t<\/div>\n\t\t<\/section>\n\t\t\t\t<\/div>","protected":false},"excerpt":{"rendered":"<p>Proyectos LARGOMETRAJES \u00a0 OJOS COLOR OC\u00c9ANO largometraje escrito y dirigido por Roc\u00edo Vidal, es uno de los 17 proyectos seleccionados\u00a0 en la III Edici\u00f3n de la Residencia de Cine de Extremadura. Asistir\u00e1 al \u00e1rea de industria del Festival de M\u00e1laga, donde el pr\u00f3ximo 10 de marzo presentar\u00e1 el pich del proyecto. DOSSIER OJOS COLOR OCE\u0301ANO.pdf [&hellip;]<\/p>\n","protected":false},"author":1,"featured_media":0,"parent":0,"menu_order":2,"comment_status":"closed","ping_status":"closed","template":"","meta":{"footnotes":""},"class_list":["post-422","page","type-page","status-publish","hentry"],"yoast_head":"<!-- This site is optimized with the Yoast SEO plugin v27.4 - https:\/\/yoast.com\/product\/yoast-seo-wordpress\/ -->\n<title>Proyectos - FARFALLE FILMS<\/title>\n<meta name=\"description\" content=\"Pr\u00f3ximamente tendr\u00e1s noticias de nuestros proyectos en desarrollo.\" \/>\n<meta name=\"robots\" content=\"index, follow, max-snippet:-1, max-image-preview:large, max-video-preview:-1\" \/>\n<link rel=\"canonical\" href=\"https:\/\/www.farfallefilms.tv\/en\/proyectos\/\" \/>\n<meta property=\"og:locale\" content=\"en_US\" \/>\n<meta property=\"og:type\" content=\"article\" \/>\n<meta property=\"og:title\" content=\"Proyectos - FARFALLE FILMS\" \/>\n<meta property=\"og:description\" content=\"Pr\u00f3ximamente tendr\u00e1s noticias de nuestros proyectos en desarrollo.\" \/>\n<meta property=\"og:url\" content=\"https:\/\/www.farfallefilms.tv\/en\/proyectos\/\" \/>\n<meta property=\"og:site_name\" content=\"FARFALLE FILMS\" \/>\n<meta property=\"article:modified_time\" content=\"2026-03-06T10:01:17+00:00\" \/>\n<meta property=\"og:image\" content=\"https:\/\/www.farfallefilms.tv\/wp-content\/uploads\/2026\/03\/CARTEL-OJOS-COLOR-OCEANO.jpeg\" \/>\n\t<meta property=\"og:image:width\" content=\"1080\" \/>\n\t<meta property=\"og:image:height\" content=\"1620\" \/>\n\t<meta property=\"og:image:type\" content=\"image\/jpeg\" \/>\n<meta name=\"twitter:card\" content=\"summary_large_image\" \/>\n<script type=\"application\/ld+json\" class=\"yoast-schema-graph\">{\"@context\":\"https:\\\/\\\/schema.org\",\"@graph\":[{\"@type\":\"WebPage\",\"@id\":\"https:\\\/\\\/www.farfallefilms.tv\\\/proyectos\\\/\",\"url\":\"https:\\\/\\\/www.farfallefilms.tv\\\/proyectos\\\/\",\"name\":\"Proyectos - FARFALLE FILMS\",\"isPartOf\":{\"@id\":\"https:\\\/\\\/www.farfallefilms.tv\\\/#website\"},\"primaryImageOfPage\":{\"@id\":\"https:\\\/\\\/www.farfallefilms.tv\\\/proyectos\\\/#primaryimage\"},\"image\":{\"@id\":\"https:\\\/\\\/www.farfallefilms.tv\\\/proyectos\\\/#primaryimage\"},\"thumbnailUrl\":\"https:\\\/\\\/www.farfallefilms.tv\\\/wp-content\\\/uploads\\\/2026\\\/03\\\/CARTEL-OJOS-COLOR-OCEANO-200x300.jpeg\",\"datePublished\":\"2025-08-13T10:23:26+00:00\",\"dateModified\":\"2026-03-06T10:01:17+00:00\",\"description\":\"Pr\u00f3ximamente tendr\u00e1s noticias de nuestros proyectos en desarrollo.\",\"breadcrumb\":{\"@id\":\"https:\\\/\\\/www.farfallefilms.tv\\\/proyectos\\\/#breadcrumb\"},\"inLanguage\":\"en-US\",\"potentialAction\":[{\"@type\":\"ReadAction\",\"target\":[\"https:\\\/\\\/www.farfallefilms.tv\\\/proyectos\\\/\"]}]},{\"@type\":\"ImageObject\",\"inLanguage\":\"en-US\",\"@id\":\"https:\\\/\\\/www.farfallefilms.tv\\\/proyectos\\\/#primaryimage\",\"url\":\"https:\\\/\\\/www.farfallefilms.tv\\\/wp-content\\\/uploads\\\/2026\\\/03\\\/CARTEL-OJOS-COLOR-OCEANO-200x300.jpeg\",\"contentUrl\":\"https:\\\/\\\/www.farfallefilms.tv\\\/wp-content\\\/uploads\\\/2026\\\/03\\\/CARTEL-OJOS-COLOR-OCEANO-200x300.jpeg\"},{\"@type\":\"BreadcrumbList\",\"@id\":\"https:\\\/\\\/www.farfallefilms.tv\\\/proyectos\\\/#breadcrumb\",\"itemListElement\":[{\"@type\":\"ListItem\",\"position\":1,\"name\":\"Inicio\",\"item\":\"https:\\\/\\\/www.farfallefilms.tv\\\/\"},{\"@type\":\"ListItem\",\"position\":2,\"name\":\"Proyectos\"}]},{\"@type\":\"WebSite\",\"@id\":\"https:\\\/\\\/www.farfallefilms.tv\\\/#website\",\"url\":\"https:\\\/\\\/www.farfallefilms.tv\\\/\",\"name\":\"FARFALLE FILMS\",\"description\":\"So\u00f1ar, crear, volar.\",\"publisher\":{\"@id\":\"https:\\\/\\\/www.farfallefilms.tv\\\/#organization\"},\"potentialAction\":[{\"@type\":\"SearchAction\",\"target\":{\"@type\":\"EntryPoint\",\"urlTemplate\":\"https:\\\/\\\/www.farfallefilms.tv\\\/?s={search_term_string}\"},\"query-input\":{\"@type\":\"PropertyValueSpecification\",\"valueRequired\":true,\"valueName\":\"search_term_string\"}}],\"inLanguage\":\"en-US\"},{\"@type\":\"Organization\",\"@id\":\"https:\\\/\\\/www.farfallefilms.tv\\\/#organization\",\"name\":\"FARFALLE FILMS\",\"url\":\"https:\\\/\\\/www.farfallefilms.tv\\\/\",\"logo\":{\"@type\":\"ImageObject\",\"inLanguage\":\"en-US\",\"@id\":\"https:\\\/\\\/www.farfallefilms.tv\\\/#\\\/schema\\\/logo\\\/image\\\/\",\"url\":\"https:\\\/\\\/www.farfallefilms.tv\\\/wp-content\\\/uploads\\\/2025\\\/08\\\/logo.png\",\"contentUrl\":\"https:\\\/\\\/www.farfallefilms.tv\\\/wp-content\\\/uploads\\\/2025\\\/08\\\/logo.png\",\"width\":777,\"height\":304,\"caption\":\"FARFALLE FILMS\"},\"image\":{\"@id\":\"https:\\\/\\\/www.farfallefilms.tv\\\/#\\\/schema\\\/logo\\\/image\\\/\"},\"sameAs\":[\"https:\\\/\\\/www.instagram.com\\\/farfallefilms\\\/\"]}]}<\/script>\n<!-- \/ Yoast SEO plugin. -->","yoast_head_json":{"title":"Projects - FARFALLE FILMS","description":"You&#039;ll soon hear about our projects in development.","robots":{"index":"index","follow":"follow","max-snippet":"max-snippet:-1","max-image-preview":"max-image-preview:large","max-video-preview":"max-video-preview:-1"},"canonical":"https:\/\/www.farfallefilms.tv\/en\/proyectos\/","og_locale":"en_US","og_type":"article","og_title":"Proyectos - FARFALLE FILMS","og_description":"Pr\u00f3ximamente tendr\u00e1s noticias de nuestros proyectos en desarrollo.","og_url":"https:\/\/www.farfallefilms.tv\/en\/proyectos\/","og_site_name":"FARFALLE FILMS","article_modified_time":"2026-03-06T10:01:17+00:00","og_image":[{"width":1080,"height":1620,"url":"https:\/\/www.farfallefilms.tv\/wp-content\/uploads\/2026\/03\/CARTEL-OJOS-COLOR-OCEANO.jpeg","type":"image\/jpeg"}],"twitter_card":"summary_large_image","schema":{"@context":"https:\/\/schema.org","@graph":[{"@type":"WebPage","@id":"https:\/\/www.farfallefilms.tv\/proyectos\/","url":"https:\/\/www.farfallefilms.tv\/proyectos\/","name":"Projects - FARFALLE FILMS","isPartOf":{"@id":"https:\/\/www.farfallefilms.tv\/#website"},"primaryImageOfPage":{"@id":"https:\/\/www.farfallefilms.tv\/proyectos\/#primaryimage"},"image":{"@id":"https:\/\/www.farfallefilms.tv\/proyectos\/#primaryimage"},"thumbnailUrl":"https:\/\/www.farfallefilms.tv\/wp-content\/uploads\/2026\/03\/CARTEL-OJOS-COLOR-OCEANO-200x300.jpeg","datePublished":"2025-08-13T10:23:26+00:00","dateModified":"2026-03-06T10:01:17+00:00","description":"You&#039;ll soon hear about our projects in development.","breadcrumb":{"@id":"https:\/\/www.farfallefilms.tv\/proyectos\/#breadcrumb"},"inLanguage":"en-US","potentialAction":[{"@type":"ReadAction","target":["https:\/\/www.farfallefilms.tv\/proyectos\/"]}]},{"@type":"ImageObject","inLanguage":"en-US","@id":"https:\/\/www.farfallefilms.tv\/proyectos\/#primaryimage","url":"https:\/\/www.farfallefilms.tv\/wp-content\/uploads\/2026\/03\/CARTEL-OJOS-COLOR-OCEANO-200x300.jpeg","contentUrl":"https:\/\/www.farfallefilms.tv\/wp-content\/uploads\/2026\/03\/CARTEL-OJOS-COLOR-OCEANO-200x300.jpeg"},{"@type":"BreadcrumbList","@id":"https:\/\/www.farfallefilms.tv\/proyectos\/#breadcrumb","itemListElement":[{"@type":"ListItem","position":1,"name":"Inicio","item":"https:\/\/www.farfallefilms.tv\/"},{"@type":"ListItem","position":2,"name":"Proyectos"}]},{"@type":"WebSite","@id":"https:\/\/www.farfallefilms.tv\/#website","url":"https:\/\/www.farfallefilms.tv\/","name":"FARFALLE FILMS","description":"Dream, create, fly.","publisher":{"@id":"https:\/\/www.farfallefilms.tv\/#organization"},"potentialAction":[{"@type":"SearchAction","target":{"@type":"EntryPoint","urlTemplate":"https:\/\/www.farfallefilms.tv\/?s={search_term_string}"},"query-input":{"@type":"PropertyValueSpecification","valueRequired":true,"valueName":"search_term_string"}}],"inLanguage":"en-US"},{"@type":"Organization","@id":"https:\/\/www.farfallefilms.tv\/#organization","name":"FARFALLE FILMS","url":"https:\/\/www.farfallefilms.tv\/","logo":{"@type":"ImageObject","inLanguage":"en-US","@id":"https:\/\/www.farfallefilms.tv\/#\/schema\/logo\/image\/","url":"https:\/\/www.farfallefilms.tv\/wp-content\/uploads\/2025\/08\/logo.png","contentUrl":"https:\/\/www.farfallefilms.tv\/wp-content\/uploads\/2025\/08\/logo.png","width":777,"height":304,"caption":"FARFALLE FILMS"},"image":{"@id":"https:\/\/www.farfallefilms.tv\/#\/schema\/logo\/image\/"},"sameAs":["https:\/\/www.instagram.com\/farfallefilms\/"]}]}},"_links":{"self":[{"href":"https:\/\/www.farfallefilms.tv\/en\/wp-json\/wp\/v2\/pages\/422","targetHints":{"allow":["GET"]}}],"collection":[{"href":"https:\/\/www.farfallefilms.tv\/en\/wp-json\/wp\/v2\/pages"}],"about":[{"href":"https:\/\/www.farfallefilms.tv\/en\/wp-json\/wp\/v2\/types\/page"}],"author":[{"embeddable":true,"href":"https:\/\/www.farfallefilms.tv\/en\/wp-json\/wp\/v2\/users\/1"}],"replies":[{"embeddable":true,"href":"https:\/\/www.farfallefilms.tv\/en\/wp-json\/wp\/v2\/comments?post=422"}],"version-history":[{"count":53,"href":"https:\/\/www.farfallefilms.tv\/en\/wp-json\/wp\/v2\/pages\/422\/revisions"}],"predecessor-version":[{"id":796,"href":"https:\/\/www.farfallefilms.tv\/en\/wp-json\/wp\/v2\/pages\/422\/revisions\/796"}],"wp:attachment":[{"href":"https:\/\/www.farfallefilms.tv\/en\/wp-json\/wp\/v2\/media?parent=422"}],"curies":[{"name":"wp","href":"https:\/\/api.w.org\/{rel}","templated":true}]}}