{"id":88,"date":"2023-03-01T14:03:52","date_gmt":"2023-03-01T13:03:52","guid":{"rendered":"https:\/\/www.farfallefilms.tv\/?page_id=88"},"modified":"2025-10-23T20:45:30","modified_gmt":"2025-10-23T18:45:30","slug":"politica-de-cookies","status":"publish","type":"page","link":"https:\/\/www.farfallefilms.tv\/en\/politica-de-cookies\/","title":{"rendered":"Cookie Policy"},"content":{"rendered":"<div data-elementor-type=\"wp-page\" data-elementor-id=\"88\" class=\"elementor elementor-88\" data-elementor-post-type=\"page\">\n\t\t\t\t\t\t<section class=\"elementor-section elementor-top-section elementor-element elementor-element-3a5d2557 elementor-section-boxed elementor-section-height-default elementor-section-height-default\" data-id=\"3a5d2557\" data-element_type=\"section\" data-e-type=\"section\">\n\t\t\t\t\t\t<div class=\"elementor-container elementor-column-gap-default\">\n\t\t\t\t\t<div class=\"elementor-column elementor-col-100 elementor-top-column elementor-element elementor-element-5bd9c9cb\" data-id=\"5bd9c9cb\" data-element_type=\"column\" data-e-type=\"column\">\n\t\t\t<div class=\"elementor-widget-wrap elementor-element-populated\">\n\t\t\t\t\t\t<div class=\"elementor-element elementor-element-5fe0b599 elementor-widget elementor-widget-text-editor\" data-id=\"5fe0b599\" data-element_type=\"widget\" data-e-type=\"widget\" data-widget_type=\"text-editor.default\">\n\t\t\t\t<div class=\"elementor-widget-container\">\n\t\t\t\t\t\t\t\t\t<p>This website uses cookies. Here we explain what cookies are and how we use them on our website. You can change your cookie preferences at any time:<\/p><p style=\"text-align: center;\"><a href=\"#\" class=\"_brlbs-btn-cookie-preference borlabs-cookie-preference\">Cookie preferences<\/a><\/p><hr \/><p>In compliance with Law 34\/2002, of July 11, on Information Society Services and Electronic Commerce, we inform you that this website, like most websites on the Internet, uses Cookies to improve and optimize the user experience.<\/p><p>Below you will find detailed information about what cookies are, what types this website uses, how to change your cookie settings, and what happens if you disable cookies.<\/p><h2>What are cookies?<\/h2><p>A cookie is a small file that is downloaded to the user&#039;s computer in order to store data, which can be updated and retrieved by the entity responsible for its installation.<\/p><h2>What type of cookies does this website use?<\/h2><p>Below is a table showing the cookies used on this website. You can find information about any transfers to third countries carried out by the third parties identified in this cookie policy in their respective policies.<\/p><p><div class=\"BorlabsCookie\"><h3 class=\"_brlbs _brlbs-cg-essential\">Essential<\/h3><p class=\"_brlbs _brlbs-cg-essential\">Essential cookies enable basic functions and are necessary for the proper functioning of the website.<\/p><h4 class=\"_brlbs _brlbs-c-borlabs-cookie\">Borlabs Cookie<\/h4><div class=\"_brlbs-responsive-table\"><table class=\"_brlbs _brlbs-c-borlabs-cookie\"><tr><th scope=\"row\">Name<\/th><td>Borlabs Cookie<\/td><\/tr><tr><th scope=\"row\">Supplier<\/th><td>Owner of this website<span>, <\/span><a href=\"https:\/\/www.farfallefilms.tv\/en\/aviso-legal\/\">Legal notice<\/a><\/td><\/tr><tr><th scope=\"row\">Purpose<\/th><td>Saves the visitor preferences selected in the Borlabs Cookie Box.<\/td><\/tr><tr><th scope=\"row\">Cookie name<\/th><td>borlabs-cookie<\/td><\/tr><tr><th scope=\"row\">Cookie expiration<\/th><td>1 year<\/td><\/tr><\/table><\/div><h3 class=\"_brlbs _brlbs-cg-statistics\">Statistics<\/h3><p class=\"_brlbs _brlbs-cg-statistics\">Statistics cookies collect information anonymously. This information helps us understand how our visitors use our website.<\/p><h3 class=\"_brlbs _brlbs-cg-external-media\">External media<\/h3><p class=\"_brlbs _brlbs-cg-external-media\">Content from video platforms and social media platforms is blocked by default. If external media cookies are accepted, access to those contents no longer requires manual consent.<\/p><h4 class=\"_brlbs _brlbs-c-googlemaps\">Google Maps<\/h4><div class=\"_brlbs-responsive-table\"><table class=\"_brlbs _brlbs-c-googlemaps\"><tr><th scope=\"row\">Name<\/th><td>Google Maps<\/td><\/tr><tr><th scope=\"row\">Supplier<\/th><td>Google Ireland Limited, Gordon House, Barrow Street, Dublin 4, Ireland<\/td><\/tr><tr><th scope=\"row\">Purpose<\/th><td>Used to unblock Google Maps content.<\/td><\/tr><tr><th scope=\"row\">Privacy Policy<\/th><td><a href=\"https:\/\/policies.google.com\/privacy?hl=enl=en\" target=\"_blank\" rel=\"nofollow noopener noreferrer\">https:\/\/policies.google.com\/privacy?hl=enl=en<\/a><\/td><\/tr><tr><th scope=\"row\">Host(s)<\/th><td>.google.com<\/td><\/tr><tr><th scope=\"row\">Cookie name<\/th><td>NID<\/td><\/tr><tr><th scope=\"row\">Cookie expiration<\/th><td>6 months<\/td><\/tr><\/table><\/div><\/div><\/p><h2>How can you configure your cookies?<\/h2><p>By browsing and continuing to use our website, you consent to the use of cookies under the terms of this Cookie Policy. As a user, you have the right to block, delete, and refuse the use of cookies at any time by modifying your browser settings.<\/p><p>For example:<\/p><ol><li>Internet Explorer: Tools &gt; Internet Options &gt; Privacy &gt; Settings. For more information, you can consult Microsoft Support or the browser&#039;s Help.<\/li><li>Mozilla Firefox: Tools &gt; Options &gt; Privacy &gt; History &gt; Custom Settings. For more information, you can consult Mozilla Support or the browser&#039;s Help.<\/li><li>Google Chrome: Settings &gt; Show advanced settings &gt; Privacy -&gt; Content settings. For more information, you can consult Google Support or the browser&#039;s Help section.<\/li><li>Safari: Preferences &gt; Security. For more information, you can consult Apple Support or the browser&#039;s Help.<\/li><li>Opera: Settings &gt; Options &gt; Advanced &gt; Cookies. For more information, you can consult Opera support or the browser&#039;s Help.<\/li><\/ol><p>If you use a browser other than those listed above, please consult its policy on installing, using, and blocking cookies.<\/p><h2>Your consent history<\/h2><p><div class=\"BorlabsCookie\" data-borlabs-cookie-consent-history><div class=\"_brlbs-responsive-table\"><table class=\"_brlbs-table\"><thead><tr><th class=\"_brlbs-table-date\" scope=\"col\">Date<\/th><th class=\"_brlbs-table-version\" scope=\"col\">Version<\/th><th class=\"_brlbs-table-consents\" scope=\"col\">Consents<\/th><\/tr><\/thead><\/table><\/div><\/div><\/p><h2>What happens if cookies are disabled?<\/h2><p>Some features of the Services or areas of this website may not function correctly.<\/p><h2>Have we updated our Cookie Policy?<\/h2><p>We may update our website&#039;s Cookie Policy, so our lawyers ask us to recommend that you review this policy each time you access our website, in order to be properly informed about how and why we use Cookies.<\/p>\t\t\t\t\t\t\t\t<\/div>\n\t\t\t\t<\/div>\n\t\t\t\t\t<\/div>\n\t\t<\/div>\n\t\t\t\t\t<\/div>\n\t\t<\/section>\n\t\t\t\t<\/div>","protected":false},"excerpt":{"rendered":"<p>Esta web utiliza cookies. Aqu\u00ed te explicamos qu\u00e9 son las cookies y c\u00f3mo las usamos en nuestra web. Puedes cambiar tus preferencias de cookies en cualquier momento: En cumplimiento de la Ley 34\/2002, de 11 de julio, de Servicios de la Sociedad de la Informaci\u00f3n y Comercio Electr\u00f3nico, te informamos de que este sitio web, [&hellip;]<\/p>\n","protected":false},"author":1,"featured_media":0,"parent":0,"menu_order":6,"comment_status":"closed","ping_status":"closed","template":"","meta":{"footnotes":""},"class_list":["post-88","page","type-page","status-publish","hentry"],"yoast_head":"<!-- This site is optimized with the Yoast SEO plugin v27.4 - https:\/\/yoast.com\/product\/yoast-seo-wordpress\/ -->\n<title>Pol\u00edtica de cookies - FARFALLE FILMS<\/title>\n<meta name=\"description\" content=\"Pol\u00edtica de cookies de FARFALLE FILMS\" \/>\n<meta name=\"robots\" content=\"index, follow, max-snippet:-1, max-image-preview:large, max-video-preview:-1\" \/>\n<link rel=\"canonical\" href=\"https:\/\/www.farfallefilms.tv\/en\/politica-de-cookies\/\" \/>\n<meta property=\"og:locale\" content=\"en_US\" \/>\n<meta property=\"og:type\" content=\"article\" \/>\n<meta property=\"og:title\" content=\"Pol\u00edtica de cookies - FARFALLE FILMS\" \/>\n<meta property=\"og:description\" content=\"Pol\u00edtica de cookies de FARFALLE FILMS\" \/>\n<meta property=\"og:url\" content=\"https:\/\/www.farfallefilms.tv\/en\/politica-de-cookies\/\" \/>\n<meta property=\"og:site_name\" content=\"FARFALLE FILMS\" \/>\n<meta property=\"article:modified_time\" content=\"2025-10-23T18:45:30+00:00\" \/>\n<meta name=\"twitter:card\" content=\"summary_large_image\" \/>\n<script type=\"application\/ld+json\" class=\"yoast-schema-graph\">{\"@context\":\"https:\\\/\\\/schema.org\",\"@graph\":[{\"@type\":\"WebPage\",\"@id\":\"https:\\\/\\\/www.farfallefilms.tv\\\/politica-de-cookies\\\/\",\"url\":\"https:\\\/\\\/www.farfallefilms.tv\\\/politica-de-cookies\\\/\",\"name\":\"Pol\u00edtica de cookies - FARFALLE FILMS\",\"isPartOf\":{\"@id\":\"https:\\\/\\\/www.farfallefilms.tv\\\/#website\"},\"datePublished\":\"2023-03-01T13:03:52+00:00\",\"dateModified\":\"2025-10-23T18:45:30+00:00\",\"description\":\"Pol\u00edtica de cookies de FARFALLE FILMS\",\"breadcrumb\":{\"@id\":\"https:\\\/\\\/www.farfallefilms.tv\\\/politica-de-cookies\\\/#breadcrumb\"},\"inLanguage\":\"en-US\",\"potentialAction\":[{\"@type\":\"ReadAction\",\"target\":[\"https:\\\/\\\/www.farfallefilms.tv\\\/politica-de-cookies\\\/\"]}]},{\"@type\":\"BreadcrumbList\",\"@id\":\"https:\\\/\\\/www.farfallefilms.tv\\\/politica-de-cookies\\\/#breadcrumb\",\"itemListElement\":[{\"@type\":\"ListItem\",\"position\":1,\"name\":\"Inicio\",\"item\":\"https:\\\/\\\/www.farfallefilms.tv\\\/\"},{\"@type\":\"ListItem\",\"position\":2,\"name\":\"Pol\u00edtica de cookies\"}]},{\"@type\":\"WebSite\",\"@id\":\"https:\\\/\\\/www.farfallefilms.tv\\\/#website\",\"url\":\"https:\\\/\\\/www.farfallefilms.tv\\\/\",\"name\":\"FARFALLE FILMS\",\"description\":\"So\u00f1ar, crear, volar.\",\"publisher\":{\"@id\":\"https:\\\/\\\/www.farfallefilms.tv\\\/#organization\"},\"potentialAction\":[{\"@type\":\"SearchAction\",\"target\":{\"@type\":\"EntryPoint\",\"urlTemplate\":\"https:\\\/\\\/www.farfallefilms.tv\\\/?s={search_term_string}\"},\"query-input\":{\"@type\":\"PropertyValueSpecification\",\"valueRequired\":true,\"valueName\":\"search_term_string\"}}],\"inLanguage\":\"en-US\"},{\"@type\":\"Organization\",\"@id\":\"https:\\\/\\\/www.farfallefilms.tv\\\/#organization\",\"name\":\"FARFALLE FILMS\",\"url\":\"https:\\\/\\\/www.farfallefilms.tv\\\/\",\"logo\":{\"@type\":\"ImageObject\",\"inLanguage\":\"en-US\",\"@id\":\"https:\\\/\\\/www.farfallefilms.tv\\\/#\\\/schema\\\/logo\\\/image\\\/\",\"url\":\"https:\\\/\\\/www.farfallefilms.tv\\\/wp-content\\\/uploads\\\/2025\\\/08\\\/logo.png\",\"contentUrl\":\"https:\\\/\\\/www.farfallefilms.tv\\\/wp-content\\\/uploads\\\/2025\\\/08\\\/logo.png\",\"width\":777,\"height\":304,\"caption\":\"FARFALLE FILMS\"},\"image\":{\"@id\":\"https:\\\/\\\/www.farfallefilms.tv\\\/#\\\/schema\\\/logo\\\/image\\\/\"},\"sameAs\":[\"https:\\\/\\\/www.instagram.com\\\/farfallefilms\\\/\"]}]}<\/script>\n<!-- \/ Yoast SEO plugin. -->","yoast_head_json":{"title":"Cookies policy - FARFALLE FILMS","description":"FARFALLE FILMS cookie policy","robots":{"index":"index","follow":"follow","max-snippet":"max-snippet:-1","max-image-preview":"max-image-preview:large","max-video-preview":"max-video-preview:-1"},"canonical":"https:\/\/www.farfallefilms.tv\/en\/politica-de-cookies\/","og_locale":"en_US","og_type":"article","og_title":"Pol\u00edtica de cookies - FARFALLE FILMS","og_description":"Pol\u00edtica de cookies de FARFALLE FILMS","og_url":"https:\/\/www.farfallefilms.tv\/en\/politica-de-cookies\/","og_site_name":"FARFALLE FILMS","article_modified_time":"2025-10-23T18:45:30+00:00","twitter_card":"summary_large_image","schema":{"@context":"https:\/\/schema.org","@graph":[{"@type":"WebPage","@id":"https:\/\/www.farfallefilms.tv\/politica-de-cookies\/","url":"https:\/\/www.farfallefilms.tv\/politica-de-cookies\/","name":"Cookies policy - FARFALLE FILMS","isPartOf":{"@id":"https:\/\/www.farfallefilms.tv\/#website"},"datePublished":"2023-03-01T13:03:52+00:00","dateModified":"2025-10-23T18:45:30+00:00","description":"FARFALLE FILMS cookie policy","breadcrumb":{"@id":"https:\/\/www.farfallefilms.tv\/politica-de-cookies\/#breadcrumb"},"inLanguage":"en-US","potentialAction":[{"@type":"ReadAction","target":["https:\/\/www.farfallefilms.tv\/politica-de-cookies\/"]}]},{"@type":"BreadcrumbList","@id":"https:\/\/www.farfallefilms.tv\/politica-de-cookies\/#breadcrumb","itemListElement":[{"@type":"ListItem","position":1,"name":"Inicio","item":"https:\/\/www.farfallefilms.tv\/"},{"@type":"ListItem","position":2,"name":"Pol\u00edtica de cookies"}]},{"@type":"WebSite","@id":"https:\/\/www.farfallefilms.tv\/#website","url":"https:\/\/www.farfallefilms.tv\/","name":"FARFALLE FILMS","description":"Dream, create, fly.","publisher":{"@id":"https:\/\/www.farfallefilms.tv\/#organization"},"potentialAction":[{"@type":"SearchAction","target":{"@type":"EntryPoint","urlTemplate":"https:\/\/www.farfallefilms.tv\/?s={search_term_string}"},"query-input":{"@type":"PropertyValueSpecification","valueRequired":true,"valueName":"search_term_string"}}],"inLanguage":"en-US"},{"@type":"Organization","@id":"https:\/\/www.farfallefilms.tv\/#organization","name":"FARFALLE FILMS","url":"https:\/\/www.farfallefilms.tv\/","logo":{"@type":"ImageObject","inLanguage":"en-US","@id":"https:\/\/www.farfallefilms.tv\/#\/schema\/logo\/image\/","url":"https:\/\/www.farfallefilms.tv\/wp-content\/uploads\/2025\/08\/logo.png","contentUrl":"https:\/\/www.farfallefilms.tv\/wp-content\/uploads\/2025\/08\/logo.png","width":777,"height":304,"caption":"FARFALLE FILMS"},"image":{"@id":"https:\/\/www.farfallefilms.tv\/#\/schema\/logo\/image\/"},"sameAs":["https:\/\/www.instagram.com\/farfallefilms\/"]}]}},"_links":{"self":[{"href":"https:\/\/www.farfallefilms.tv\/en\/wp-json\/wp\/v2\/pages\/88","targetHints":{"allow":["GET"]}}],"collection":[{"href":"https:\/\/www.farfallefilms.tv\/en\/wp-json\/wp\/v2\/pages"}],"about":[{"href":"https:\/\/www.farfallefilms.tv\/en\/wp-json\/wp\/v2\/types\/page"}],"author":[{"embeddable":true,"href":"https:\/\/www.farfallefilms.tv\/en\/wp-json\/wp\/v2\/users\/1"}],"replies":[{"embeddable":true,"href":"https:\/\/www.farfallefilms.tv\/en\/wp-json\/wp\/v2\/comments?post=88"}],"version-history":[{"count":4,"href":"https:\/\/www.farfallefilms.tv\/en\/wp-json\/wp\/v2\/pages\/88\/revisions"}],"predecessor-version":[{"id":770,"href":"https:\/\/www.farfallefilms.tv\/en\/wp-json\/wp\/v2\/pages\/88\/revisions\/770"}],"wp:attachment":[{"href":"https:\/\/www.farfallefilms.tv\/en\/wp-json\/wp\/v2\/media?parent=88"}],"curies":[{"name":"wp","href":"https:\/\/api.w.org\/{rel}","templated":true}]}}